{"id":3624,"date":"2024-11-09T09:14:09","date_gmt":"2024-11-09T09:14:09","guid":{"rendered":"https:\/\/tsct.ch\/?page_id=3624"},"modified":"2025-05-27T08:16:11","modified_gmt":"2025-05-27T08:16:11","slug":"datenschutz","status":"publish","type":"page","link":"https:\/\/tsct.ch\/fr\/datenschutz\/","title":{"rendered":"Datenschutz"},"content":{"rendered":"\t\t<div data-elementor-type=\"wp-page\" data-elementor-id=\"3624\" class=\"elementor elementor-3624 elementor-858\" data-elementor-post-type=\"page\">\n\t\t\t\t<div class=\"elementor-element elementor-element-1d67d271 e-con-full e-flex e-con e-parent\" data-id=\"1d67d271\" data-element_type=\"container\" data-e-type=\"container\" data-settings=\"{&quot;background_background&quot;:&quot;classic&quot;}\">\n\t\t<div class=\"elementor-element elementor-element-a49d02c e-flex e-con-boxed e-con e-child\" data-id=\"a49d02c\" data-element_type=\"container\" data-e-type=\"container\">\n\t\t\t\t\t<div class=\"e-con-inner\">\n\t\t\t\t<div class=\"elementor-element elementor-element-3fcdfa5c elementor-invisible elementor-widget elementor-widget-text-editor\" data-id=\"3fcdfa5c\" data-element_type=\"widget\" data-e-type=\"widget\" data-settings=\"{&quot;_animation&quot;:&quot;fadeInUp&quot;}\" data-widget_type=\"text-editor.default\">\n\t\t\t\t<div class=\"elementor-widget-container\">\n\t\t\t\t\t\t\t\t\t<p>En savoir plus sur<\/p>\t\t\t\t\t\t\t\t<\/div>\n\t\t\t\t<\/div>\n\t\t\t\t<div class=\"elementor-element elementor-element-6ec89fc elementor-invisible elementor-widget elementor-widget-heading\" data-id=\"6ec89fc\" data-element_type=\"widget\" data-e-type=\"widget\" data-settings=\"{&quot;_animation&quot;:&quot;fadeInUp&quot;}\" data-widget_type=\"heading.default\">\n\t\t\t\t<div class=\"elementor-widget-container\">\n\t\t\t\t\t<h1 class=\"elementor-heading-title elementor-size-default\">Protection des donn\u00e9es\n\n<\/h1>\t\t\t\t<\/div>\n\t\t\t\t<\/div>\n\t\t\t\t\t<\/div>\n\t\t\t\t<\/div>\n\t\t\t\t<\/div>\n\t\t<div class=\"elementor-element elementor-element-3fe5840c e-flex e-con-boxed e-con e-parent\" data-id=\"3fe5840c\" data-element_type=\"container\" data-e-type=\"container\">\n\t\t\t\t\t<div class=\"e-con-inner\">\n\t\t<div class=\"elementor-element elementor-element-dfe6b71 e-flex e-con-boxed e-con e-child\" data-id=\"dfe6b71\" data-element_type=\"container\" data-e-type=\"container\">\n\t\t\t\t\t<div class=\"e-con-inner\">\n\t\t\t\t<div class=\"elementor-element elementor-element-7ee52541 elementor-invisible elementor-widget elementor-widget-heading\" data-id=\"7ee52541\" data-element_type=\"widget\" data-e-type=\"widget\" data-settings=\"{&quot;_animation&quot;:&quot;fadeInUp&quot;}\" data-widget_type=\"heading.default\">\n\t\t\t\t<div class=\"elementor-widget-container\">\n\t\t\t\t\t<h2 class=\"elementor-heading-title elementor-size-default\">D\u00e9claration de confidentialit\u00e9<\/h2>\t\t\t\t<\/div>\n\t\t\t\t<\/div>\n\t\t\t\t<div class=\"elementor-element elementor-element-4e81ba10 elementor-invisible elementor-widget elementor-widget-text-editor\" data-id=\"4e81ba10\" data-element_type=\"widget\" data-e-type=\"widget\" data-settings=\"{&quot;_animation&quot;:&quot;fadeInUp&quot;}\" data-widget_type=\"text-editor.default\">\n\t\t\t\t<div class=\"elementor-widget-container\">\n\t\t\t\t\t\t\t\t\t<p><strong>Derni\u00e8re mise \u00e0 jour le : 28.03.2025<\/strong><\/p><p>Nous attachons une grande importance \u00e0 la transparence dans le traitement des donn\u00e9es personnelles. La pr\u00e9sente d\u00e9claration de confidentialit\u00e9 indique quelles donn\u00e9es personnelles nous collectons, dans quel but et \u00e0 qui nous les transmettons. Afin de garantir une grande transparence, cette d\u00e9claration de confidentialit\u00e9 est r\u00e9guli\u00e8rement v\u00e9rifi\u00e9e et mise \u00e0 jour.<\/p><p><strong>2. informations de contact<\/strong><br \/>Pour toute question ou demande concernant la protection de vos donn\u00e9es par nos soins, vous pouvez nous contacter \u00e0 tout moment par e-mail \u00e0 l&rsquo;adresse info@tsct.ch. Le responsable des traitements de donn\u00e9es effectu\u00e9s via ce site est :<\/p><p>Tscharner Seilbahnsteuerungen AG<br \/>Flurstrasse 1<br \/>7205 Zizers<br \/>Suisse<\/p><p>Personne responsable de la protection des donn\u00e9es :<br \/>Claudio Tscharner<br \/>info@tsct.ch<br \/>+41 81 322 85 81<\/p><p><b>3.4 Dans quels cas pouvons-nous transmettre vos donn\u00e9es \u00e0 des tiers ?<br \/><\/b>a. Principe<\/p><p>Nous pouvons \u00eatre amen\u00e9s \u00e0 recourir aux services de tiers ou de soci\u00e9t\u00e9s affili\u00e9es et \u00e0 leur confier le traitement de vos donn\u00e9es (appel\u00e9s sous-traitants). Les cat\u00e9gories de destinataires sont notamment :<\/p><p>Soci\u00e9t\u00e9s comptables, fiduciaires et de r\u00e9vision ;<br \/>Soci\u00e9t\u00e9s de conseil (conseil juridique, fiscal, etc.) ;<br \/>Prestataires de services informatiques (h\u00e9bergement web, support, services cloud, conception de sites web, etc \ud83d\ude09<br \/>Prestataires de services de paiement ;<br \/>fournisseurs de services de suivi, de conversion et de publicit\u00e9.<\/p><p>Nous veillons \u00e0 ce que ces tiers et nos soci\u00e9t\u00e9s affili\u00e9es respectent les conditions de la protection des donn\u00e9es et traitent vos donn\u00e9es personnelles de mani\u00e8re confidentielle.<\/p><p>Dans certaines circonstances, nous sommes \u00e9galement tenus de communiquer vos donn\u00e9es personnelles aux autorit\u00e9s.<\/p><p><b>b. Visite de nos canaux de m\u00e9dias sociaux<\/b><\/p><p>Nous avons \u00e9ventuellement int\u00e9gr\u00e9 sur notre site web des liens vers nos canaux de m\u00e9dias sociaux. Vous pouvez le voir (g\u00e9n\u00e9ralement via des ic\u00f4nes). Si vous cliquez sur les symboles, vous serez redirig\u00e9 vers nos canaux de m\u00e9dias sociaux.<\/p><p>Dans ce cas, les fournisseurs de m\u00e9dias sociaux sont inform\u00e9s que vous acc\u00e9dez \u00e0 leur plate-forme depuis notre site web. Les fournisseurs de m\u00e9dias sociaux peuvent utiliser les donn\u00e9es ainsi collect\u00e9es \u00e0 leurs propres fins. Nous attirons votre attention sur le fait que nous n&rsquo;avons pas connaissance du contenu des donn\u00e9es transmises ni de leur utilisation par les exploitants.<\/p><p><b>3. principes g\u00e9n\u00e9raux<br \/><\/b>3.1 Quelles donn\u00e9es collectons-nous aupr\u00e8s de vous et de qui recevons-nous ces donn\u00e9es ?<\/p><p>Nous traitons en premier lieu les donn\u00e9es personnelles que vous nous transmettez ou que nous collectons lors de l&rsquo;exploitation de notre site web. Dans certaines circonstances, nous recevons \u00e9galement des donn\u00e9es personnelles vous concernant de la part de tiers. Il peut s&rsquo;agir des cat\u00e9gories suivantes :<\/p><p>Donn\u00e9es personnelles de base (nom, adresse, dates de naissance, etc.) ;<br \/>Donn\u00e9es de contact (num\u00e9ro de t\u00e9l\u00e9phone portable, adresse e-mail, etc.) ;<br \/>Donn\u00e9es financi\u00e8res (par ex. coordonn\u00e9es bancaires) ;<br \/>Identifiants en ligne (par ex. identifiants de cookies, adresses IP) ;<br \/>Donn\u00e9es de localisation et de trafic ;<br \/>Enregistrements sonores et visuels ;<br \/>donn\u00e9es sensibles (p. ex. donn\u00e9es biom\u00e9triques ou informations sur votre sant\u00e9).<br \/><b>3.2 Dans quelles conditions traitons-nous vos donn\u00e9es ?<\/b><\/p><p>Nous traitons vos donn\u00e9es de mani\u00e8re confidentielle et conform\u00e9ment aux finalit\u00e9s d\u00e9finies dans la pr\u00e9sente d\u00e9claration de confidentialit\u00e9. Ce faisant, nous veillons \u00e0 ce que le traitement soit transparent et proportionn\u00e9.<\/p><p>Si, exceptionnellement, nous ne sommes pas en mesure de respecter ces principes, le traitement des donn\u00e9es peut tout de m\u00eame \u00eatre licite, car il existe un motif justificatif. Un motif justificatif peut notamment \u00eatre envisag\u00e9 :<\/p><p>votre consentement ;<br \/>l&rsquo;ex\u00e9cution d&rsquo;un contrat ou de mesures pr\u00e9contractuelles ;<br \/>nos int\u00e9r\u00eats l\u00e9gitimes, pour autant que vos int\u00e9r\u00eats ne pr\u00e9valent pas.<br \/><b>3.3 Comment pouvez-vous r\u00e9voquer votre consentement ?<\/b><\/p><p>Si vous nous avez donn\u00e9 votre consentement au traitement de vos donn\u00e9es \u00e0 caract\u00e8re personnel \u00e0 des fins sp\u00e9cifiques, nous traitons vos donn\u00e9es dans le cadre de ce consentement, \u00e0 moins que nous ne disposions d&rsquo;un autre motif justificatif.<\/p><p>Vous avez la possibilit\u00e9 de r\u00e9voquer votre consentement \u00e0 tout moment en envoyant un e-mail \u00e0 l&rsquo;adresse indiqu\u00e9e dans les mentions l\u00e9gales. Les traitements de donn\u00e9es d\u00e9j\u00e0 effectu\u00e9s ne sont pas concern\u00e9s.<\/p><p><b>3.4 Dans quels cas pouvons-nous transmettre vos donn\u00e9es \u00e0 des tiers ?<br \/>a. Principe<\/b><\/p><p>Nous pouvons \u00eatre amen\u00e9s \u00e0 recourir aux services de tiers ou de soci\u00e9t\u00e9s affili\u00e9es et \u00e0 leur confier le traitement de vos donn\u00e9es (appel\u00e9s sous-traitants). Les cat\u00e9gories de destinataires sont notamment :<\/p><p>Soci\u00e9t\u00e9s comptables, fiduciaires et de r\u00e9vision ;<br \/>Soci\u00e9t\u00e9s de conseil (conseil juridique, fiscal, etc.) ;<br \/>Prestataires de services informatiques (h\u00e9bergement web, support, services cloud, conception de sites web, etc \ud83d\ude09<br \/>Prestataires de services de paiement ;<br \/>fournisseurs de services de suivi, de conversion et de publicit\u00e9.<\/p><p>Nous veillons \u00e0 ce que ces tiers et nos soci\u00e9t\u00e9s affili\u00e9es respectent les conditions de la protection des donn\u00e9es et traitent vos donn\u00e9es personnelles de mani\u00e8re confidentielle.<\/p><p>Dans certaines circonstances, nous sommes \u00e9galement tenus de communiquer vos donn\u00e9es personnelles aux autorit\u00e9s.<\/p><p><b>b. Visite de nos canaux de m\u00e9dias sociaux<\/b><\/p><p>Nous avons \u00e9ventuellement int\u00e9gr\u00e9 sur notre site web des liens vers nos canaux de m\u00e9dias sociaux. Vous pouvez le voir (g\u00e9n\u00e9ralement via des symboles correspondants). Si vous cliquez sur les symboles, vous serez redirig\u00e9 vers nos canaux de m\u00e9dias sociaux.<\/p><p>Dans ce cas, les fournisseurs de m\u00e9dias sociaux sont inform\u00e9s que vous acc\u00e9dez \u00e0 leur plate-forme depuis notre site web. Les fournisseurs de m\u00e9dias sociaux peuvent utiliser les donn\u00e9es ainsi collect\u00e9es \u00e0 leurs propres fins. Nous attirons votre attention sur le fait que nous n&rsquo;avons pas connaissance du contenu des donn\u00e9es transmises ni de leur utilisation par les exploitants.<\/p><p><b>c. Transmission \u00e0 l&rsquo;\u00e9tranger<\/b><\/p><p>Dans certaines circonstances, le traitement des commandes peut entra\u00eener la transmission de vos donn\u00e9es personnelles \u00e0 des entreprises \u00e0 l&rsquo;\u00e9tranger. Ces entreprises sont tenues de respecter la protection des donn\u00e9es dans la m\u00eame mesure que nous-m\u00eames. Le transfert peut avoir lieu dans le monde entier.<\/p><p>Si le niveau de protection des donn\u00e9es ne correspond pas \u00e0 celui de la Suisse, nous proc\u00e9dons \u00e0 une \u00e9valuation pr\u00e9alable des risques et nous nous assurons par contrat que la m\u00eame protection qu&rsquo;en Suisse est garantie (par ex. au moyen des nouvelles clauses contractuelles standard de la Commission europ\u00e9enne ou d&rsquo;autres mesures prescrites par la loi). Si notre \u00e9valuation des risques s&rsquo;av\u00e8re n\u00e9gative, nous prenons des mesures techniques suppl\u00e9mentaires pour prot\u00e9ger vos donn\u00e9es.<\/p><p><b>3.5 Combien de temps conservons-nous vos donn\u00e9es ?<\/b><\/p><p>Nous ne conservons les donn\u00e9es \u00e0 caract\u00e8re personnel que le temps n\u00e9cessaire \u00e0 la r\u00e9alisation des diff\u00e9rentes finalit\u00e9s pour lesquelles les donn\u00e9es ont \u00e9t\u00e9 collect\u00e9es.<\/p><p>Les donn\u00e9es que nous enregistrons lors de votre visite sur notre site web sont conserv\u00e9es pendant douze mois. Une exception s&rsquo;applique aux donn\u00e9es d&rsquo;analyse et de suivi, qui peuvent \u00eatre conserv\u00e9es plus longtemps.<\/p><p>Nous conservons les donn\u00e9es contractuelles plus longtemps, car nous y sommes tenus par des dispositions l\u00e9gales. Nous devons notamment conserver les communications commerciales, les contrats conclus et les pi\u00e8ces comptables jusqu&rsquo;\u00e0 dix ans. Dans la mesure o\u00f9 nous n&rsquo;avons plus besoin de telles donn\u00e9es de votre part pour l&rsquo;ex\u00e9cution des services, les donn\u00e9es sont bloqu\u00e9es et nous ne les utilisons plus qu&rsquo;\u00e0 des fins de facturation et \u00e0 des fins fiscales.<\/p><p><b>3.6 Comment prot\u00e9geons-nous vos donn\u00e9es ?<\/b><\/p><p>Nous conserverons vos donn\u00e9es en toute s\u00e9curit\u00e9 et prendrons toutes les mesures raisonnables pour prot\u00e9ger vos donn\u00e9es contre toute perte, acc\u00e8s, utilisation abusive ou modification.<\/p><p>Nos partenaires contractuels et nos collaborateurs qui ont acc\u00e8s \u00e0 vos donn\u00e9es sont tenus de respecter les dispositions l\u00e9gales relatives \u00e0 la protection des donn\u00e9es. Dans certains cas, il sera n\u00e9cessaire que nous transmettions vos demandes \u00e0 des entreprises qui nous sont li\u00e9es. Dans ces cas \u00e9galement, vos donn\u00e9es sont trait\u00e9es de mani\u00e8re confidentielle.<\/p><p>Sur notre site Internet, nous utilisons le proc\u00e9d\u00e9 SSL (Secure Socket Layer) en combinaison avec le niveau de cryptage le plus \u00e9lev\u00e9 autoris\u00e9 par votre navigateur.<\/p><p><b>3.7 Quels sont vos droits ?<br \/><\/b>a. Droit d&rsquo;acc\u00e8s<\/p><p>Vous pouvez \u00e0 tout moment demander des informations sur les donn\u00e9es que nous avons enregistr\u00e9es \u00e0 votre sujet. Nous vous prions d&rsquo;envoyer votre demande d&rsquo;acc\u00e8s accompagn\u00e9e d&rsquo;une preuve d&rsquo;identit\u00e9 \u00e0 info@tsct.ch.<\/p><p>Vous avez en outre le droit de recevoir vos donn\u00e9es dans un format de fichier courant si nous traitons vos donn\u00e9es de mani\u00e8re automatis\u00e9e et si :<\/p><p>vous avez donn\u00e9 votre consentement pour le traitement de ces donn\u00e9es ; ou<br \/>vous avez communiqu\u00e9 des donn\u00e9es dans le cadre de la conclusion ou de l&rsquo;ex\u00e9cution d&rsquo;un contrat.<\/p><p>Nous pouvons limiter ou refuser l&rsquo;acc\u00e8s ou la remise des donn\u00e9es si cela va \u00e0 l&rsquo;encontre de nos obligations l\u00e9gales, de nos propres int\u00e9r\u00eats l\u00e9gitimes ou de l&rsquo;int\u00e9r\u00eat public ou des int\u00e9r\u00eats d&rsquo;un tiers.<\/p><p>Le traitement de votre demande est soumis au d\u00e9lai de traitement l\u00e9gal de 30 jours. Nous pouvons toutefois prolonger ce d\u00e9lai en raison d&rsquo;un volume \u00e9lev\u00e9 de demandes, pour des raisons juridiques ou techniques ou parce que nous avons besoin de plus amples informations de votre part. Vous serez inform\u00e9(e) de la prolongation du d\u00e9lai en temps utile, au moins sous forme de texte.<\/p><p><b>b. Suppression et rectification<\/b><\/p><p>Vous avez \u00e0 tout moment la possibilit\u00e9 de demander l&rsquo;effacement ou la rectification de vos donn\u00e9es. Nous pouvons rejeter la demande si des dispositions l\u00e9gales nous obligent \u00e0 conserver les donn\u00e9es plus longtemps ou sans les modifier ou si un motif d&rsquo;autorisation s&rsquo;oppose \u00e0 votre demande.<\/p><p>Veuillez noter que l&rsquo;exercice de vos droits peut \u00eatre limit\u00e9 dans certaines circonstances.<\/p><p><b>3.8 Modifications de la d\u00e9claration de confidentialit\u00e9<\/b><\/p><p>Nous pouvons modifier la pr\u00e9sente d\u00e9claration de confidentialit\u00e9 \u00e0 tout moment. Les modifications seront publi\u00e9es sur https:\/\/tsct.ch et vous n&rsquo;en serez pas inform\u00e9(e) s\u00e9par\u00e9ment.<\/p><p><b>4. op\u00e9rations individuelles de traitement des donn\u00e9es<br \/>4.1 Mise \u00e0 disposition du site web et cr\u00e9ation de fichiers log.<br \/><\/b>Quelles informations recevons-nous et comment les utilisons-nous ?<\/p><p>Lorsque vous visitez https:\/\/tsct.ch, certaines donn\u00e9es sont automatiquement enregistr\u00e9es sur nos serveurs ou sur les serveurs des services et produits que nous achetons et\/ou installons, \u00e0 des fins d&rsquo;administration du syst\u00e8me, de statistiques, de sauvegarde ou de suivi. Il s&rsquo;agit de :<\/p><p>du nom de votre fournisseur d&rsquo;acc\u00e8s \u00e0 Internet ;<br \/>votre adresse IP (dans certaines circonstances) ;<br \/>la version de votre logiciel de navigation ;<br \/>le syst\u00e8me d&rsquo;exploitation de l&rsquo;ordinateur avec lequel vous acc\u00e9dez \u00e0 l&rsquo;URL ;<br \/>la date et l&rsquo;heure de l&rsquo;acc\u00e8s ;<br \/>le site web \u00e0 partir duquel vous avez visit\u00e9 l&rsquo;URL ;<br \/>les mots de recherche que vous avez utilis\u00e9s pour trouver l&rsquo;URL.<br \/>Pourquoi pouvons-nous traiter ces donn\u00e9es ?<\/p><p>Ces donn\u00e9es ne peuvent \u00eatre attribu\u00e9es \u00e0 aucune personne en particulier et aucun regroupement de ces donn\u00e9es avec d&rsquo;autres sources de donn\u00e9es n&rsquo;a lieu. L&rsquo;enregistrement des fichiers journaux a lieu afin de garantir le bon fonctionnement du site web et d&rsquo;assurer la s\u00e9curit\u00e9 de nos syst\u00e8mes informatiques. Il s&rsquo;agit l\u00e0 de notre int\u00e9r\u00eat l\u00e9gitime.<\/p><p>Comment pouvez-vous emp\u00eacher la collecte de donn\u00e9es ?<\/p><p>Les donn\u00e9es ne sont conserv\u00e9es que tant que cela est n\u00e9cessaire pour atteindre l&rsquo;objectif de leur collecte. En cons\u00e9quence, les donn\u00e9es sont supprim\u00e9es \u00e0 la fin de chaque session. L&rsquo;enregistrement des fichiers journaux est absolument n\u00e9cessaire pour le fonctionnement du site web, vous n&rsquo;avez donc pas la possibilit\u00e9 de vous y opposer.<\/p><p>D\u00e9claration de protection des donn\u00e9es 28 mars 2025<\/p>\t\t\t\t\t\t\t\t<\/div>\n\t\t\t\t<\/div>\n\t\t\t\t\t<\/div>\n\t\t\t\t<\/div>\n\t\t\t\t\t<\/div>\n\t\t\t\t<\/div>\n\t\t<div class=\"elementor-element elementor-element-a63d7b9 e-con-full e-flex e-con e-parent\" data-id=\"a63d7b9\" data-element_type=\"container\" data-e-type=\"container\" data-settings=\"{&quot;background_background&quot;:&quot;classic&quot;}\">\n\t\t\t\t<\/div>\n\t\t\t\t<\/div>\n\t\t","protected":false},"excerpt":{"rendered":"<p>En savoir plus sur Protection des donn\u00e9es D\u00e9claration de confidentialit\u00e9 Derni\u00e8re mise \u00e0 jour le : 28.03.2025 Nous attachons une grande importance \u00e0 la transparence dans le traitement des donn\u00e9es personnelles. La pr\u00e9sente d\u00e9claration de confidentialit\u00e9 indique quelles donn\u00e9es personnelles nous collectons, dans quel but et \u00e0 qui nous les transmettons. Afin de garantir une [&hellip;]<\/p>\n","protected":false},"author":1,"featured_media":0,"parent":0,"menu_order":0,"comment_status":"closed","ping_status":"closed","template":"","meta":{"footnotes":""},"class_list":["post-3624","page","type-page","status-publish","hentry"],"yoast_head":"<!-- This site is optimized with the Yoast SEO plugin v27.1.1 - https:\/\/yoast.com\/product\/yoast-seo-wordpress\/ -->\n<title>Datenschutz - Tscharner Seilbahnsteuerungen<\/title>\n<meta name=\"robots\" content=\"index, follow, max-snippet:-1, max-image-preview:large, max-video-preview:-1\" \/>\n<link rel=\"canonical\" href=\"https:\/\/tsct.ch\/fr\/datenschutz\/\" \/>\n<meta property=\"og:locale\" content=\"fr_FR\" \/>\n<meta property=\"og:type\" content=\"article\" \/>\n<meta property=\"og:title\" content=\"Datenschutz - Tscharner Seilbahnsteuerungen\" \/>\n<meta property=\"og:description\" content=\"En savoir plus sur Protection des donn\u00e9es D\u00e9claration de confidentialit\u00e9 Derni\u00e8re mise \u00e0 jour le : 28.03.2025 Nous attachons une grande importance \u00e0 la transparence dans le traitement des donn\u00e9es personnelles. La pr\u00e9sente d\u00e9claration de confidentialit\u00e9 indique quelles donn\u00e9es personnelles nous collectons, dans quel but et \u00e0 qui nous les transmettons. Afin de garantir une [&hellip;]\" \/>\n<meta property=\"og:url\" content=\"https:\/\/tsct.ch\/fr\/datenschutz\/\" \/>\n<meta property=\"og:site_name\" content=\"Tscharner Seilbahnsteuerungen\" \/>\n<meta property=\"article:publisher\" content=\"https:\/\/www.facebook.com\/p\/Tscharner-Seilbahnsteuerungen-100066824303477\/?locale=de_DE\" \/>\n<meta property=\"article:modified_time\" content=\"2025-05-27T08:16:11+00:00\" \/>\n<meta property=\"og:image\" content=\"https:\/\/tsct.ch\/wp-content\/uploads\/2024\/10\/Tscharner_Logo_RGB.jpg\" \/>\n\t<meta property=\"og:image:width\" content=\"1773\" \/>\n\t<meta property=\"og:image:height\" content=\"744\" \/>\n\t<meta property=\"og:image:type\" content=\"image\/jpeg\" \/>\n<meta name=\"twitter:card\" content=\"summary_large_image\" \/>\n<meta name=\"twitter:label1\" content=\"Dur\u00e9e de lecture estim\u00e9e\" \/>\n\t<meta name=\"twitter:data1\" content=\"10 minutes\" \/>\n<script type=\"application\/ld+json\" class=\"yoast-schema-graph\">{\"@context\":\"https:\/\/schema.org\",\"@graph\":[{\"@type\":\"WebPage\",\"@id\":\"https:\/\/tsct.ch\/fr\/datenschutz\/\",\"url\":\"https:\/\/tsct.ch\/fr\/datenschutz\/\",\"name\":\"Datenschutz - Tscharner Seilbahnsteuerungen\",\"isPartOf\":{\"@id\":\"https:\/\/tsct.ch\/fr\/#website\"},\"datePublished\":\"2024-11-09T09:14:09+00:00\",\"dateModified\":\"2025-05-27T08:16:11+00:00\",\"breadcrumb\":{\"@id\":\"https:\/\/tsct.ch\/fr\/datenschutz\/#breadcrumb\"},\"inLanguage\":\"fr-FR\",\"potentialAction\":[{\"@type\":\"ReadAction\",\"target\":[\"https:\/\/tsct.ch\/fr\/datenschutz\/\"]}]},{\"@type\":\"BreadcrumbList\",\"@id\":\"https:\/\/tsct.ch\/fr\/datenschutz\/#breadcrumb\",\"itemListElement\":[{\"@type\":\"ListItem\",\"position\":1,\"name\":\"Startseite\",\"item\":\"https:\/\/tsct.ch\/fr\/\"},{\"@type\":\"ListItem\",\"position\":2,\"name\":\"Datenschutz\"}]},{\"@type\":\"WebSite\",\"@id\":\"https:\/\/tsct.ch\/fr\/#website\",\"url\":\"https:\/\/tsct.ch\/fr\/\",\"name\":\"Tscharner Seilbahnsteuerungen\",\"description\":\"Technik f\u00fcr Seilbahnsteuerungen\",\"publisher\":{\"@id\":\"https:\/\/tsct.ch\/fr\/#organization\"},\"potentialAction\":[{\"@type\":\"SearchAction\",\"target\":{\"@type\":\"EntryPoint\",\"urlTemplate\":\"https:\/\/tsct.ch\/fr\/?s={search_term_string}\"},\"query-input\":{\"@type\":\"PropertyValueSpecification\",\"valueRequired\":true,\"valueName\":\"search_term_string\"}}],\"inLanguage\":\"fr-FR\"},{\"@type\":\"Organization\",\"@id\":\"https:\/\/tsct.ch\/fr\/#organization\",\"name\":\"Tscharner Seilbahnsteuerungen\",\"url\":\"https:\/\/tsct.ch\/fr\/\",\"logo\":{\"@type\":\"ImageObject\",\"inLanguage\":\"fr-FR\",\"@id\":\"https:\/\/tsct.ch\/fr\/#\/schema\/logo\/image\/\",\"url\":\"https:\/\/tsct.ch\/wp-content\/uploads\/2024\/10\/logo-tscharner-seilbahnsteuerung.png\",\"contentUrl\":\"https:\/\/tsct.ch\/wp-content\/uploads\/2024\/10\/logo-tscharner-seilbahnsteuerung.png\",\"width\":357,\"height\":141,\"caption\":\"Tscharner Seilbahnsteuerungen\"},\"image\":{\"@id\":\"https:\/\/tsct.ch\/fr\/#\/schema\/logo\/image\/\"},\"sameAs\":[\"https:\/\/www.facebook.com\/p\/Tscharner-Seilbahnsteuerungen-100066824303477\/?locale=de_DE\"]}]}<\/script>\n<!-- \/ Yoast SEO plugin. -->","yoast_head_json":{"title":"Datenschutz - Tscharner Seilbahnsteuerungen","robots":{"index":"index","follow":"follow","max-snippet":"max-snippet:-1","max-image-preview":"max-image-preview:large","max-video-preview":"max-video-preview:-1"},"canonical":"https:\/\/tsct.ch\/fr\/datenschutz\/","og_locale":"fr_FR","og_type":"article","og_title":"Datenschutz - Tscharner Seilbahnsteuerungen","og_description":"En savoir plus sur Protection des donn\u00e9es D\u00e9claration de confidentialit\u00e9 Derni\u00e8re mise \u00e0 jour le : 28.03.2025 Nous attachons une grande importance \u00e0 la transparence dans le traitement des donn\u00e9es personnelles. La pr\u00e9sente d\u00e9claration de confidentialit\u00e9 indique quelles donn\u00e9es personnelles nous collectons, dans quel but et \u00e0 qui nous les transmettons. Afin de garantir une [&hellip;]","og_url":"https:\/\/tsct.ch\/fr\/datenschutz\/","og_site_name":"Tscharner Seilbahnsteuerungen","article_publisher":"https:\/\/www.facebook.com\/p\/Tscharner-Seilbahnsteuerungen-100066824303477\/?locale=de_DE","article_modified_time":"2025-05-27T08:16:11+00:00","og_image":[{"width":1773,"height":744,"url":"https:\/\/tsct.ch\/wp-content\/uploads\/2024\/10\/Tscharner_Logo_RGB.jpg","type":"image\/jpeg"}],"twitter_card":"summary_large_image","twitter_misc":{"Dur\u00e9e de lecture estim\u00e9e":"10 minutes"},"schema":{"@context":"https:\/\/schema.org","@graph":[{"@type":"WebPage","@id":"https:\/\/tsct.ch\/fr\/datenschutz\/","url":"https:\/\/tsct.ch\/fr\/datenschutz\/","name":"Datenschutz - Tscharner Seilbahnsteuerungen","isPartOf":{"@id":"https:\/\/tsct.ch\/fr\/#website"},"datePublished":"2024-11-09T09:14:09+00:00","dateModified":"2025-05-27T08:16:11+00:00","breadcrumb":{"@id":"https:\/\/tsct.ch\/fr\/datenschutz\/#breadcrumb"},"inLanguage":"fr-FR","potentialAction":[{"@type":"ReadAction","target":["https:\/\/tsct.ch\/fr\/datenschutz\/"]}]},{"@type":"BreadcrumbList","@id":"https:\/\/tsct.ch\/fr\/datenschutz\/#breadcrumb","itemListElement":[{"@type":"ListItem","position":1,"name":"Startseite","item":"https:\/\/tsct.ch\/fr\/"},{"@type":"ListItem","position":2,"name":"Datenschutz"}]},{"@type":"WebSite","@id":"https:\/\/tsct.ch\/fr\/#website","url":"https:\/\/tsct.ch\/fr\/","name":"Tscharner Seilbahnsteuerungen","description":"Technik f\u00fcr Seilbahnsteuerungen","publisher":{"@id":"https:\/\/tsct.ch\/fr\/#organization"},"potentialAction":[{"@type":"SearchAction","target":{"@type":"EntryPoint","urlTemplate":"https:\/\/tsct.ch\/fr\/?s={search_term_string}"},"query-input":{"@type":"PropertyValueSpecification","valueRequired":true,"valueName":"search_term_string"}}],"inLanguage":"fr-FR"},{"@type":"Organization","@id":"https:\/\/tsct.ch\/fr\/#organization","name":"Tscharner Seilbahnsteuerungen","url":"https:\/\/tsct.ch\/fr\/","logo":{"@type":"ImageObject","inLanguage":"fr-FR","@id":"https:\/\/tsct.ch\/fr\/#\/schema\/logo\/image\/","url":"https:\/\/tsct.ch\/wp-content\/uploads\/2024\/10\/logo-tscharner-seilbahnsteuerung.png","contentUrl":"https:\/\/tsct.ch\/wp-content\/uploads\/2024\/10\/logo-tscharner-seilbahnsteuerung.png","width":357,"height":141,"caption":"Tscharner Seilbahnsteuerungen"},"image":{"@id":"https:\/\/tsct.ch\/fr\/#\/schema\/logo\/image\/"},"sameAs":["https:\/\/www.facebook.com\/p\/Tscharner-Seilbahnsteuerungen-100066824303477\/?locale=de_DE"]}]}},"_links":{"self":[{"href":"https:\/\/tsct.ch\/fr\/wp-json\/wp\/v2\/pages\/3624","targetHints":{"allow":["GET"]}}],"collection":[{"href":"https:\/\/tsct.ch\/fr\/wp-json\/wp\/v2\/pages"}],"about":[{"href":"https:\/\/tsct.ch\/fr\/wp-json\/wp\/v2\/types\/page"}],"author":[{"embeddable":true,"href":"https:\/\/tsct.ch\/fr\/wp-json\/wp\/v2\/users\/1"}],"replies":[{"embeddable":true,"href":"https:\/\/tsct.ch\/fr\/wp-json\/wp\/v2\/comments?post=3624"}],"version-history":[{"count":10,"href":"https:\/\/tsct.ch\/fr\/wp-json\/wp\/v2\/pages\/3624\/revisions"}],"predecessor-version":[{"id":3642,"href":"https:\/\/tsct.ch\/fr\/wp-json\/wp\/v2\/pages\/3624\/revisions\/3642"}],"wp:attachment":[{"href":"https:\/\/tsct.ch\/fr\/wp-json\/wp\/v2\/media?parent=3624"}],"curies":[{"name":"wp","href":"https:\/\/api.w.org\/{rel}","templated":true}]}}