{"id":3626,"date":"2024-11-09T09:13:56","date_gmt":"2024-11-09T09:13:56","guid":{"rendered":"https:\/\/tsct.ch\/?page_id=3626"},"modified":"2025-05-27T08:16:03","modified_gmt":"2025-05-27T08:16:03","slug":"mentions-legales","status":"publish","type":"page","link":"https:\/\/tsct.ch\/fr\/mentions-legales\/","title":{"rendered":"Mentions l\u00e9gales"},"content":{"rendered":"\t\t<div data-elementor-type=\"wp-page\" data-elementor-id=\"3626\" class=\"elementor elementor-3626 elementor-856\" data-elementor-post-type=\"page\">\n\t\t\t\t<div class=\"elementor-element elementor-element-7b1c3c35 e-con-full e-flex e-con e-parent\" data-id=\"7b1c3c35\" data-element_type=\"container\" data-e-type=\"container\" data-settings=\"{&quot;background_background&quot;:&quot;classic&quot;}\">\n\t\t<div class=\"elementor-element elementor-element-30a11a29 e-flex e-con-boxed e-con e-child\" data-id=\"30a11a29\" data-element_type=\"container\" data-e-type=\"container\">\n\t\t\t\t\t<div class=\"e-con-inner\">\n\t\t\t\t<div class=\"elementor-element elementor-element-62495f07 elementor-invisible elementor-widget elementor-widget-text-editor\" data-id=\"62495f07\" data-element_type=\"widget\" data-e-type=\"widget\" data-settings=\"{&quot;_animation&quot;:&quot;fadeInUp&quot;}\" data-widget_type=\"text-editor.default\">\n\t\t\t\t<div class=\"elementor-widget-container\">\n\t\t\t\t\t\t\t\t\t<p>En savoir plus sur<\/p>\t\t\t\t\t\t\t\t<\/div>\n\t\t\t\t<\/div>\n\t\t\t\t<div class=\"elementor-element elementor-element-3cdda1dc elementor-invisible elementor-widget elementor-widget-heading\" data-id=\"3cdda1dc\" data-element_type=\"widget\" data-e-type=\"widget\" data-settings=\"{&quot;_animation&quot;:&quot;fadeInUp&quot;}\" data-widget_type=\"heading.default\">\n\t\t\t\t<div class=\"elementor-widget-container\">\n\t\t\t\t\t<h1 class=\"elementor-heading-title elementor-size-default\">Mentions l\u00e9gales\n<\/h1>\t\t\t\t<\/div>\n\t\t\t\t<\/div>\n\t\t\t\t\t<\/div>\n\t\t\t\t<\/div>\n\t\t\t\t<\/div>\n\t\t<div class=\"elementor-element elementor-element-54719d1c e-flex e-con-boxed e-con e-parent\" data-id=\"54719d1c\" data-element_type=\"container\" data-e-type=\"container\">\n\t\t\t\t\t<div class=\"e-con-inner\">\n\t\t<div class=\"elementor-element elementor-element-14001059 e-flex e-con-boxed e-con e-child\" data-id=\"14001059\" data-element_type=\"container\" data-e-type=\"container\">\n\t\t\t\t\t<div class=\"e-con-inner\">\n\t\t\t\t<div class=\"elementor-element elementor-element-6f1fedf9 elementor-invisible elementor-widget elementor-widget-heading\" data-id=\"6f1fedf9\" data-element_type=\"widget\" data-e-type=\"widget\" data-settings=\"{&quot;_animation&quot;:&quot;fadeInUp&quot;}\" data-widget_type=\"heading.default\">\n\t\t\t\t<div class=\"elementor-widget-container\">\n\t\t\t\t\t<h2 class=\"elementor-heading-title elementor-size-default\">Mentions l\u00e9gales\n<\/h2>\t\t\t\t<\/div>\n\t\t\t\t<\/div>\n\t\t\t\t<div class=\"elementor-element elementor-element-198ce916 elementor-invisible elementor-widget elementor-widget-text-editor\" data-id=\"198ce916\" data-element_type=\"widget\" data-e-type=\"widget\" data-settings=\"{&quot;_animation&quot;:&quot;fadeInUp&quot;}\" data-widget_type=\"text-editor.default\">\n\t\t\t\t<div class=\"elementor-widget-container\">\n\t\t\t\t\t\t\t\t\t<div class=\"entry-content\"><p><b>Droit d&rsquo;auteur<br \/><\/b>Copyright \u00a9 2025 Tscharner Seilbahnsteuerungen AG<br \/>Tous les textes et images de ce site sont prot\u00e9g\u00e9s par des droits d&rsquo;auteur et ne peuvent \u00eatre utilis\u00e9s que dans le cadre autoris\u00e9 par la loi. L&rsquo;utilisation commerciale sans accord pr\u00e9alable n&rsquo;est pas autoris\u00e9e.<\/p><p>Liens<br \/>Toute responsabilit\u00e9 pour le contenu des pages li\u00e9es est express\u00e9ment rejet\u00e9e.<\/p><p><b>Tscharner commandes de t\u00e9l\u00e9ph\u00e9riques SA<br \/><\/b>Claudio Tscharner<br \/>Flurstrasse 1<br \/>7205 Zizers<br \/>T\u00e9l. : +41 81 322 85 81<br \/>info@tsct.ch<\/p><p><b>Conception et r\u00e9alisation<br \/><\/b>R\u00e9alisation, conception et design : ME Production<\/p><\/div>\t\t\t\t\t\t\t\t<\/div>\n\t\t\t\t<\/div>\n\t\t\t\t\t<\/div>\n\t\t\t\t<\/div>\n\t\t\t\t\t<\/div>\n\t\t\t\t<\/div>\n\t\t<div class=\"elementor-element elementor-element-27fa99b5 e-con-full e-flex e-con e-parent\" data-id=\"27fa99b5\" data-element_type=\"container\" data-e-type=\"container\" data-settings=\"{&quot;background_background&quot;:&quot;classic&quot;}\">\n\t\t\t\t<\/div>\n\t\t\t\t<\/div>\n\t\t","protected":false},"excerpt":{"rendered":"<p>En savoir plus sur Mentions l\u00e9gales Mentions l\u00e9gales Droit d&rsquo;auteurCopyright \u00a9 2025 Tscharner Seilbahnsteuerungen AGTous les textes et images de ce site sont prot\u00e9g\u00e9s par des droits d&rsquo;auteur et ne peuvent \u00eatre utilis\u00e9s que dans le cadre autoris\u00e9 par la loi. L&rsquo;utilisation commerciale sans accord pr\u00e9alable n&rsquo;est pas autoris\u00e9e. LiensToute responsabilit\u00e9 pour le contenu des [&hellip;]<\/p>\n","protected":false},"author":1,"featured_media":0,"parent":0,"menu_order":0,"comment_status":"closed","ping_status":"closed","template":"","meta":{"footnotes":""},"class_list":["post-3626","page","type-page","status-publish","hentry"],"yoast_head":"<!-- This site is optimized with the Yoast SEO plugin v27.1.1 - https:\/\/yoast.com\/product\/yoast-seo-wordpress\/ -->\n<title>Mentions l\u00e9gales - Tscharner Seilbahnsteuerungen<\/title>\n<meta name=\"robots\" content=\"index, follow, max-snippet:-1, max-image-preview:large, max-video-preview:-1\" \/>\n<link rel=\"canonical\" href=\"https:\/\/tsct.ch\/fr\/mentions-legales\/\" \/>\n<meta property=\"og:locale\" content=\"fr_FR\" \/>\n<meta property=\"og:type\" content=\"article\" \/>\n<meta property=\"og:title\" content=\"Mentions l\u00e9gales - Tscharner Seilbahnsteuerungen\" \/>\n<meta property=\"og:description\" content=\"En savoir plus sur Mentions l\u00e9gales Mentions l\u00e9gales Droit d&rsquo;auteurCopyright \u00a9 2025 Tscharner Seilbahnsteuerungen AGTous les textes et images de ce site sont prot\u00e9g\u00e9s par des droits d&rsquo;auteur et ne peuvent \u00eatre utilis\u00e9s que dans le cadre autoris\u00e9 par la loi. L&rsquo;utilisation commerciale sans accord pr\u00e9alable n&rsquo;est pas autoris\u00e9e. LiensToute responsabilit\u00e9 pour le contenu des [&hellip;]\" \/>\n<meta property=\"og:url\" content=\"https:\/\/tsct.ch\/fr\/mentions-legales\/\" \/>\n<meta property=\"og:site_name\" content=\"Tscharner Seilbahnsteuerungen\" \/>\n<meta property=\"article:publisher\" content=\"https:\/\/www.facebook.com\/p\/Tscharner-Seilbahnsteuerungen-100066824303477\/?locale=de_DE\" \/>\n<meta property=\"article:modified_time\" content=\"2025-05-27T08:16:03+00:00\" \/>\n<meta property=\"og:image\" content=\"https:\/\/tsct.ch\/wp-content\/uploads\/2024\/10\/Tscharner_Logo_RGB.jpg\" \/>\n\t<meta property=\"og:image:width\" content=\"1773\" \/>\n\t<meta property=\"og:image:height\" content=\"744\" \/>\n\t<meta property=\"og:image:type\" content=\"image\/jpeg\" \/>\n<meta name=\"twitter:card\" content=\"summary_large_image\" \/>\n<meta name=\"twitter:label1\" content=\"Dur\u00e9e de lecture estim\u00e9e\" \/>\n\t<meta name=\"twitter:data1\" content=\"1 minute\" \/>\n<script type=\"application\/ld+json\" class=\"yoast-schema-graph\">{\"@context\":\"https:\/\/schema.org\",\"@graph\":[{\"@type\":\"WebPage\",\"@id\":\"https:\/\/tsct.ch\/fr\/mentions-legales\/\",\"url\":\"https:\/\/tsct.ch\/fr\/mentions-legales\/\",\"name\":\"Mentions l\u00e9gales - Tscharner Seilbahnsteuerungen\",\"isPartOf\":{\"@id\":\"https:\/\/tsct.ch\/fr\/#website\"},\"datePublished\":\"2024-11-09T09:13:56+00:00\",\"dateModified\":\"2025-05-27T08:16:03+00:00\",\"breadcrumb\":{\"@id\":\"https:\/\/tsct.ch\/fr\/mentions-legales\/#breadcrumb\"},\"inLanguage\":\"fr-FR\",\"potentialAction\":[{\"@type\":\"ReadAction\",\"target\":[\"https:\/\/tsct.ch\/fr\/mentions-legales\/\"]}]},{\"@type\":\"BreadcrumbList\",\"@id\":\"https:\/\/tsct.ch\/fr\/mentions-legales\/#breadcrumb\",\"itemListElement\":[{\"@type\":\"ListItem\",\"position\":1,\"name\":\"Startseite\",\"item\":\"https:\/\/tsct.ch\/fr\/\"},{\"@type\":\"ListItem\",\"position\":2,\"name\":\"Mentions l\u00e9gales\"}]},{\"@type\":\"WebSite\",\"@id\":\"https:\/\/tsct.ch\/fr\/#website\",\"url\":\"https:\/\/tsct.ch\/fr\/\",\"name\":\"Tscharner Seilbahnsteuerungen\",\"description\":\"Technik f\u00fcr Seilbahnsteuerungen\",\"publisher\":{\"@id\":\"https:\/\/tsct.ch\/fr\/#organization\"},\"potentialAction\":[{\"@type\":\"SearchAction\",\"target\":{\"@type\":\"EntryPoint\",\"urlTemplate\":\"https:\/\/tsct.ch\/fr\/?s={search_term_string}\"},\"query-input\":{\"@type\":\"PropertyValueSpecification\",\"valueRequired\":true,\"valueName\":\"search_term_string\"}}],\"inLanguage\":\"fr-FR\"},{\"@type\":\"Organization\",\"@id\":\"https:\/\/tsct.ch\/fr\/#organization\",\"name\":\"Tscharner Seilbahnsteuerungen\",\"url\":\"https:\/\/tsct.ch\/fr\/\",\"logo\":{\"@type\":\"ImageObject\",\"inLanguage\":\"fr-FR\",\"@id\":\"https:\/\/tsct.ch\/fr\/#\/schema\/logo\/image\/\",\"url\":\"https:\/\/tsct.ch\/wp-content\/uploads\/2024\/10\/logo-tscharner-seilbahnsteuerung.png\",\"contentUrl\":\"https:\/\/tsct.ch\/wp-content\/uploads\/2024\/10\/logo-tscharner-seilbahnsteuerung.png\",\"width\":357,\"height\":141,\"caption\":\"Tscharner Seilbahnsteuerungen\"},\"image\":{\"@id\":\"https:\/\/tsct.ch\/fr\/#\/schema\/logo\/image\/\"},\"sameAs\":[\"https:\/\/www.facebook.com\/p\/Tscharner-Seilbahnsteuerungen-100066824303477\/?locale=de_DE\"]}]}<\/script>\n<!-- \/ Yoast SEO plugin. -->","yoast_head_json":{"title":"Mentions l\u00e9gales - Tscharner Seilbahnsteuerungen","robots":{"index":"index","follow":"follow","max-snippet":"max-snippet:-1","max-image-preview":"max-image-preview:large","max-video-preview":"max-video-preview:-1"},"canonical":"https:\/\/tsct.ch\/fr\/mentions-legales\/","og_locale":"fr_FR","og_type":"article","og_title":"Mentions l\u00e9gales - Tscharner Seilbahnsteuerungen","og_description":"En savoir plus sur Mentions l\u00e9gales Mentions l\u00e9gales Droit d&rsquo;auteurCopyright \u00a9 2025 Tscharner Seilbahnsteuerungen AGTous les textes et images de ce site sont prot\u00e9g\u00e9s par des droits d&rsquo;auteur et ne peuvent \u00eatre utilis\u00e9s que dans le cadre autoris\u00e9 par la loi. L&rsquo;utilisation commerciale sans accord pr\u00e9alable n&rsquo;est pas autoris\u00e9e. LiensToute responsabilit\u00e9 pour le contenu des [&hellip;]","og_url":"https:\/\/tsct.ch\/fr\/mentions-legales\/","og_site_name":"Tscharner Seilbahnsteuerungen","article_publisher":"https:\/\/www.facebook.com\/p\/Tscharner-Seilbahnsteuerungen-100066824303477\/?locale=de_DE","article_modified_time":"2025-05-27T08:16:03+00:00","og_image":[{"width":1773,"height":744,"url":"https:\/\/tsct.ch\/wp-content\/uploads\/2024\/10\/Tscharner_Logo_RGB.jpg","type":"image\/jpeg"}],"twitter_card":"summary_large_image","twitter_misc":{"Dur\u00e9e de lecture estim\u00e9e":"1 minute"},"schema":{"@context":"https:\/\/schema.org","@graph":[{"@type":"WebPage","@id":"https:\/\/tsct.ch\/fr\/mentions-legales\/","url":"https:\/\/tsct.ch\/fr\/mentions-legales\/","name":"Mentions l\u00e9gales - Tscharner Seilbahnsteuerungen","isPartOf":{"@id":"https:\/\/tsct.ch\/fr\/#website"},"datePublished":"2024-11-09T09:13:56+00:00","dateModified":"2025-05-27T08:16:03+00:00","breadcrumb":{"@id":"https:\/\/tsct.ch\/fr\/mentions-legales\/#breadcrumb"},"inLanguage":"fr-FR","potentialAction":[{"@type":"ReadAction","target":["https:\/\/tsct.ch\/fr\/mentions-legales\/"]}]},{"@type":"BreadcrumbList","@id":"https:\/\/tsct.ch\/fr\/mentions-legales\/#breadcrumb","itemListElement":[{"@type":"ListItem","position":1,"name":"Startseite","item":"https:\/\/tsct.ch\/fr\/"},{"@type":"ListItem","position":2,"name":"Mentions l\u00e9gales"}]},{"@type":"WebSite","@id":"https:\/\/tsct.ch\/fr\/#website","url":"https:\/\/tsct.ch\/fr\/","name":"Tscharner Seilbahnsteuerungen","description":"Technik f\u00fcr Seilbahnsteuerungen","publisher":{"@id":"https:\/\/tsct.ch\/fr\/#organization"},"potentialAction":[{"@type":"SearchAction","target":{"@type":"EntryPoint","urlTemplate":"https:\/\/tsct.ch\/fr\/?s={search_term_string}"},"query-input":{"@type":"PropertyValueSpecification","valueRequired":true,"valueName":"search_term_string"}}],"inLanguage":"fr-FR"},{"@type":"Organization","@id":"https:\/\/tsct.ch\/fr\/#organization","name":"Tscharner Seilbahnsteuerungen","url":"https:\/\/tsct.ch\/fr\/","logo":{"@type":"ImageObject","inLanguage":"fr-FR","@id":"https:\/\/tsct.ch\/fr\/#\/schema\/logo\/image\/","url":"https:\/\/tsct.ch\/wp-content\/uploads\/2024\/10\/logo-tscharner-seilbahnsteuerung.png","contentUrl":"https:\/\/tsct.ch\/wp-content\/uploads\/2024\/10\/logo-tscharner-seilbahnsteuerung.png","width":357,"height":141,"caption":"Tscharner Seilbahnsteuerungen"},"image":{"@id":"https:\/\/tsct.ch\/fr\/#\/schema\/logo\/image\/"},"sameAs":["https:\/\/www.facebook.com\/p\/Tscharner-Seilbahnsteuerungen-100066824303477\/?locale=de_DE"]}]}},"_links":{"self":[{"href":"https:\/\/tsct.ch\/fr\/wp-json\/wp\/v2\/pages\/3626","targetHints":{"allow":["GET"]}}],"collection":[{"href":"https:\/\/tsct.ch\/fr\/wp-json\/wp\/v2\/pages"}],"about":[{"href":"https:\/\/tsct.ch\/fr\/wp-json\/wp\/v2\/types\/page"}],"author":[{"embeddable":true,"href":"https:\/\/tsct.ch\/fr\/wp-json\/wp\/v2\/users\/1"}],"replies":[{"embeddable":true,"href":"https:\/\/tsct.ch\/fr\/wp-json\/wp\/v2\/comments?post=3626"}],"version-history":[{"count":7,"href":"https:\/\/tsct.ch\/fr\/wp-json\/wp\/v2\/pages\/3626\/revisions"}],"predecessor-version":[{"id":3639,"href":"https:\/\/tsct.ch\/fr\/wp-json\/wp\/v2\/pages\/3626\/revisions\/3639"}],"wp:attachment":[{"href":"https:\/\/tsct.ch\/fr\/wp-json\/wp\/v2\/media?parent=3626"}],"curies":[{"name":"wp","href":"https:\/\/api.w.org\/{rel}","templated":true}]}}