{"id":4090,"date":"2024-11-09T09:14:09","date_gmt":"2024-11-09T09:14:09","guid":{"rendered":"https:\/\/tsct.ch\/?page_id=4090"},"modified":"2025-06-23T08:32:12","modified_gmt":"2025-06-23T08:32:12","slug":"protezione-dei-dati","status":"publish","type":"page","link":"https:\/\/tsct.ch\/it\/protezione-dei-dati\/","title":{"rendered":"Protezione dei dati"},"content":{"rendered":"\t\t<div data-elementor-type=\"wp-page\" data-elementor-id=\"4090\" class=\"elementor elementor-4090 elementor-858\" data-elementor-post-type=\"page\">\n\t\t\t\t<div class=\"elementor-element elementor-element-1d67d271 e-con-full e-flex e-con e-parent\" data-id=\"1d67d271\" data-element_type=\"container\" data-e-type=\"container\" data-settings=\"{&quot;background_background&quot;:&quot;classic&quot;}\">\n\t\t<div class=\"elementor-element elementor-element-a49d02c e-flex e-con-boxed e-con e-child\" data-id=\"a49d02c\" data-element_type=\"container\" data-e-type=\"container\">\n\t\t\t\t\t<div class=\"e-con-inner\">\n\t\t\t\t<div class=\"elementor-element elementor-element-3fcdfa5c elementor-invisible elementor-widget elementor-widget-text-editor\" data-id=\"3fcdfa5c\" data-element_type=\"widget\" data-e-type=\"widget\" data-settings=\"{&quot;_animation&quot;:&quot;fadeInUp&quot;}\" data-widget_type=\"text-editor.default\">\n\t\t\t\t<div class=\"elementor-widget-container\">\n\t\t\t\t\t\t\t\t\t<p>Per saperne di pi\u00f9<\/p>\t\t\t\t\t\t\t\t<\/div>\n\t\t\t\t<\/div>\n\t\t\t\t<div class=\"elementor-element elementor-element-6ec89fc elementor-invisible elementor-widget elementor-widget-heading\" data-id=\"6ec89fc\" data-element_type=\"widget\" data-e-type=\"widget\" data-settings=\"{&quot;_animation&quot;:&quot;fadeInUp&quot;}\" data-widget_type=\"heading.default\">\n\t\t\t\t<div class=\"elementor-widget-container\">\n\t\t\t\t\t<h1 class=\"elementor-heading-title elementor-size-default\">Protezione dei dati\n\n<\/h1>\t\t\t\t<\/div>\n\t\t\t\t<\/div>\n\t\t\t\t\t<\/div>\n\t\t\t\t<\/div>\n\t\t\t\t<\/div>\n\t\t<div class=\"elementor-element elementor-element-3fe5840c e-flex e-con-boxed e-con e-parent\" data-id=\"3fe5840c\" data-element_type=\"container\" data-e-type=\"container\">\n\t\t\t\t\t<div class=\"e-con-inner\">\n\t\t<div class=\"elementor-element elementor-element-dfe6b71 e-flex e-con-boxed e-con e-child\" data-id=\"dfe6b71\" data-element_type=\"container\" data-e-type=\"container\">\n\t\t\t\t\t<div class=\"e-con-inner\">\n\t\t\t\t<div class=\"elementor-element elementor-element-7ee52541 elementor-invisible elementor-widget elementor-widget-heading\" data-id=\"7ee52541\" data-element_type=\"widget\" data-e-type=\"widget\" data-settings=\"{&quot;_animation&quot;:&quot;fadeInUp&quot;}\" data-widget_type=\"heading.default\">\n\t\t\t\t<div class=\"elementor-widget-container\">\n\t\t\t\t\t<h2 class=\"elementor-heading-title elementor-size-default\">Informativa sulla privacy<\/h2>\t\t\t\t<\/div>\n\t\t\t\t<\/div>\n\t\t\t\t<div class=\"elementor-element elementor-element-4e81ba10 elementor-invisible elementor-widget elementor-widget-text-editor\" data-id=\"4e81ba10\" data-element_type=\"widget\" data-e-type=\"widget\" data-settings=\"{&quot;_animation&quot;:&quot;fadeInUp&quot;}\" data-widget_type=\"text-editor.default\">\n\t\t\t\t<div class=\"elementor-widget-container\">\n\t\t\t\t\t\t\t\t\t<p>Ultimo aggiornamento: 28 marzo 2025<\/p>\n<p>Attribuiamo grande importanza alla trasparenza nel trattamento dei dati personali. La presente informativa sulla privacy fornisce informazioni su quali dati personali raccogliamo, per quali finalit\u00e0 e con chi li condividiamo. Per garantire un elevato livello di trasparenza, la presente informativa sulla privacy viene regolarmente rivista e aggiornata.<\/p>\n<p><b>2. Informazioni di contatto<\/b><\/p>\n<p>Per qualsiasi domanda o dubbio sulla protezione dei tuoi dati, puoi contattarci in qualsiasi momento via e-mail all&#8217;indirizzo info@tsct.ch. Il responsabile del trattamento dei dati tramite questo sito web \u00e8:<\/p>\n<p>Tscharner Seilbahnsteuerungen AG<br>Flurstrasse 1<br>7205 Zizers<br>Svizzera<\/p>\n<p>Responsabile della protezione dei dati:<br>Claudio Tscharner<br>info@tsct.ch<br>+41 81 322 85 81<\/p>\n<p><b>3. Principi generali<br>3.1 Quali dati raccogliamo da te e da chi li riceviamo?<\/b><\/p>\n<p>Trattiamo principalmente i dati personali che ci fornisci o che raccogliamo durante la gestione del nostro sito web. Potremmo anche ricevere dati personali che ti riguardano da terze parti. Ci\u00f2 pu\u00f2 includere le seguenti categorie:<\/p>\n<p>Dati anagrafici personali (nome, indirizzo, data di nascita, ecc.);<br>Dati di contatto (numero di cellulare, indirizzo email, ecc.);<br>Dati finanziari (ad esempio, dettagli dell&#8217;account);<br>Identificativi online (ad esempio, identificatori di cookie, indirizzi IP);<br>Dati relativi alla posizione e al traffico;<br>Registrazioni audio e video;<br>Dati particolarmente sensibili (ad esempio, dati biometrici o informazioni sulla tua salute).<\/p><p><br><b>3.2 In quali condizioni trattiamo i tuoi dati?<\/b><\/p>\n<p>Trattiamo i tuoi dati in modo confidenziale e in conformit\u00e0 con le finalit\u00e0 indicate nella presente Informativa sulla privacy. Garantiamo un trattamento trasparente e proporzionato.<\/p>\n<p>Se, in circostanze eccezionali, non siamo in grado di rispettare questi principi, il trattamento dei dati potrebbe comunque essere lecito in presenza di una giustificazione. Le seguenti sono possibili giustificazioni:<\/p>\n<p>Il tuo consenso;<\/p>\n<p>L&#8217;esecuzione di un contratto o di misure precontrattuali;<\/p>\n<p>I nostri legittimi interessi, a condizione che i tuoi interessi non prevalgano su di essi.<\/p><p><br><b>3.3 Come puoi revocare il tuo consenso?<\/b><\/p>\n<p>Se ci hai dato il consenso al trattamento dei tuoi dati personali per finalit\u00e0 specifiche, tratteremo i tuoi dati nell&#8217;ambito di tale consenso, a meno che non vi siano altre giustificazioni.<\/p>\n<p>Puoi revocare il tuo consenso in qualsiasi momento inviando un&#8217;e-mail all&#8217;indirizzo indicato nelle note legali. Ci\u00f2 non pregiudica il trattamento dei dati gi\u00e0 effettuato.<\/p>\n<p><b>3.4 In quali casi possiamo condividere i tuoi dati con terze parti?<br><\/b>a. Principio<\/p>\n<p>Potremmo avvalerci dei servizi di terze parti o societ\u00e0 affiliate e incaricarle di trattare i tuoi dati (i cosiddetti responsabili del trattamento). Le categorie di destinatari includono:<\/p>\n<p>Societ\u00e0 di revisione contabile, fiduciarie e di revisione contabile;<\/p>\n<p>Societ\u00e0 di consulenza (consulenza legale, fiscale, ecc.);<\/p>\n<p>Fornitori di servizi IT (web hosting, supporto, servizi cloud, progettazione di siti web, ecc.);<\/p>\n<p>Fornitori di servizi di pagamento;<\/p>\n<p>Fornitori di servizi di tracciamento, conversione e pubblicit\u00e0.<\/p>\n<p>Garantiamo che queste terze parti e le nostre societ\u00e0 affiliate rispettino i requisiti di protezione dei dati e trattino i tuoi dati personali in modo confidenziale.<\/p>\n<p>Potremmo anche essere obbligati a divulgare i tuoi dati personali alle autorit\u00e0.<\/p>\n<p>b. Visita dei nostri canali social<\/p>\n<p>Potremmo avere link incorporati ai nostri canali social sul nostro sito web. Questi saranno visibili in ogni caso (in genere tramite le icone corrispondenti). Cliccando sulle icone, verrai reindirizzato ai nostri canali social.<\/p>\n<p>I fornitori di social media saranno quindi informati che stai accedendo alla loro piattaforma dal nostro sito web. I fornitori di social media possono utilizzare i dati raccolti in questo modo per i propri scopi. Si prega di notare che non siamo a conoscenza del contenuto dei dati trasmessi n\u00e9 del loro utilizzo da parte degli operatori.<\/p>\n<p>c. Trasferimento all&#8217;estero<\/p>\n<p>In determinate circostanze, i tuoi dati personali potrebbero essere trasferiti a societ\u00e0 all&#8217;estero nell&#8217;ambito dell&#8217;elaborazione degli ordini. Queste societ\u00e0 sono soggette ai nostri stessi obblighi in materia di protezione dei dati. Il trasferimento pu\u00f2 avvenire in tutto il mondo.<\/p>\n<p>Se il livello di protezione dei dati non corrisponde a quello svizzero, effettueremo una valutazione preventiva dei rischi e garantiremo contrattualmente che venga garantito lo stesso livello di protezione previsto in Svizzera (ad esempio, tramite le nuove clausole contrattuali standard della Commissione Europea o altre misure previste dalla legge). Se la nostra valutazione dei rischi dovesse risultare negativa, adotteremo ulteriori misure tecniche per proteggere i tuoi dati.<\/p>\n<p><b>3.5 Per quanto tempo conserviamo i tuoi dati?<\/b><\/p>\n<p>Conserviamo i dati personali solo per il tempo necessario a soddisfare le singole finalit\u00e0 per cui sono stati raccolti.<\/p>\n<p><b>3.6 Come proteggiamo i tuoi dati?<\/b><\/p>\n<p>Conserveremo i tuoi dati al sicuro e adotteremo tutte le misure ragionevoli per proteggerli da perdita, accesso, uso improprio o alterazione.<\/p>\n<p>I nostri partner contrattuali e i dipendenti che hanno accesso ai tuoi dati sono tenuti a rispettare le normative sulla protezione dei dati. In alcuni casi, potrebbe essere necessario inoltrare le tue richieste alle nostre societ\u00e0 affiliate. Anche in questi casi, i tuoi dati saranno trattati in modo confidenziale.<\/p>\n<p>Sul nostro sito web utilizziamo il metodo SSL (Secure Socket Layer) in combinazione con il massimo livello di crittografia supportato dal tuo browser.<\/p>\n<p><b>3.7 Quali sono i tuoi diritti?<br><\/b>a. Diritto all&#8217;informazione<\/p>\n<p>Puoi richiedere informazioni sui dati che conserviamo su di te in qualsiasi momento. Ti preghiamo di inviare la tua richiesta di informazioni, unitamente a un documento d&#8217;identit\u00e0, a info@tsct.ch.<\/p>\n<p>Hai inoltre il diritto di ricevere i tuoi dati in un formato di file comune se li elaboriamo automaticamente e se:<\/p>\n<p>Hai acconsentito al trattamento di questi dati; o<br>Hai divulgato dati in relazione alla conclusione o all&#8217;esecuzione di un contratto.<\/p>\n<p>Potremmo limitare o rifiutare di fornire informazioni o dati qualora ci\u00f2 sia in conflitto con i nostri obblighi legali, con i nostri interessi legittimi o pubblici o con gli interessi di terzi.<\/p>\n<p>L&#8217;elaborazione della tua richiesta \u00e8 soggetta al periodo di elaborazione legale di 30 giorni. Tuttavia, potremmo prorogare tale periodo a causa di volumi di richieste elevati, per motivi legali o tecnici o perch\u00e9 necessitiamo di informazioni pi\u00f9 dettagliate da parte tua. Sarai informato tempestivamente della proroga, almeno in forma scritta.<\/p>\n<p>b. Cancellazione e correzione<\/p>\n<p>Hai il diritto di richiedere la cancellazione o la correzione dei tuoi dati in qualsiasi momento. Potremmo respingere la richiesta qualora le normative legali ci impongano di conservare i dati per un periodo pi\u00f9 lungo o senza modifiche, oppure qualora una base giuridica sia in conflitto con la tua richiesta.<\/p>\n<p>Ti preghiamo di notare che l&#8217;esercizio dei tuoi diritti potrebbe essere in conflitto con gli accordi contrattuali e potrebbe avere effetti corrispondenti sull&#8217;esecuzione del contratto (ad esempio, risoluzione anticipata del contratto o implicazioni sui costi).<\/p>\n<p>c. Ricorso legale<\/p>\n<p>Se sei interessato dal trattamento dei dati personali, hai il diritto di far valere i tuoi diritti in tribunale o di presentare un reclamo all&#8217;autorit\u00e0 di controllo competente. L&#8217;autorit\u00e0 di controllo competente in Svizzera \u00e8 l&#8217;Incaricato federale della protezione dei dati e della trasparenza: https:\/\/www.edoeb.admin.ch<\/p>\n<p><b>3.8 Modifiche all&#8217;Informativa sulla privacy<\/b><\/p>\n<p>Potremmo modificare la presente Informativa sulla privacy in qualsiasi momento. Le modifiche saranno pubblicate su https:\/\/tsct.ch; non riceverai alcuna notifica separata.<\/p>\n<p><b>4. Operazioni specifiche di trattamento dei dati<br>4.1 Fornitura del sito web e creazione di file di registro<br><\/b>Quali informazioni riceviamo e come le utilizziamo?<\/p>\n<p>Quando visiti https:\/\/tsct.ch, alcuni dati vengono automaticamente memorizzati sui nostri server o sui server dei servizi e prodotti che acquistiamo e\/o installiamo per scopi di amministrazione del sistema, statistici, di backup o di monitoraggio. Questi includono:<\/p>\n<p>il nome del tuo provider di servizi Internet;<\/p>\n<p>il tuo indirizzo IP (ove applicabile);<\/p>\n<p>la versione del tuo browser;<\/p>\n<p>il sistema operativo del computer utilizzato per accedere all&#8217;URL;<\/p>\n<p>la data e l&#8217;ora dell&#8217;accesso;<\/p>\n<p>il sito web da cui hai effettuato l&#8217;accesso all&#8217;URL;<\/p>\n<p>i termini di ricerca utilizzati per trovare l&#8217;URL.<\/p>\n<p>Perch\u00e9 siamo autorizzati a trattare questi dati?<\/p>\n<p>Questi dati non possono essere assegnati a una persona specifica e non vengono associati ad altre fonti di dati. I file di registro vengono archiviati per garantire la funzionalit\u00e0 del sito web e la sicurezza dei nostri sistemi informatici. Questo \u00e8 il nostro legittimo interesse.<\/p>\n<p>Come puoi impedire la raccolta dei dati?<\/p>\n<p>I dati saranno archiviati solo per il tempo necessario al raggiungimento dello scopo per cui sono stati raccolti. Di conseguenza, i dati saranno cancellati dopo ogni sessione. L&#8217;archiviazione dei file di registro \u00e8 essenziale per il funzionamento del sito web; pertanto, non hai diritto di opposizione.<\/p>\n<p>Informativa sulla privacy 28 marzo 2025<\/p>\t\t\t\t\t\t\t\t<\/div>\n\t\t\t\t<\/div>\n\t\t\t\t\t<\/div>\n\t\t\t\t<\/div>\n\t\t\t\t\t<\/div>\n\t\t\t\t<\/div>\n\t\t<div class=\"elementor-element elementor-element-a63d7b9 e-con-full e-flex e-con e-parent\" data-id=\"a63d7b9\" data-element_type=\"container\" data-e-type=\"container\" data-settings=\"{&quot;background_background&quot;:&quot;classic&quot;}\">\n\t\t\t\t<\/div>\n\t\t\t\t<\/div>\n\t\t","protected":false},"excerpt":{"rendered":"<p>Per saperne di pi\u00f9 Protezione dei dati Informativa sulla privacy Ultimo aggiornamento: 28 marzo 2025 Attribuiamo grande importanza alla trasparenza nel trattamento dei dati personali. La presente informativa sulla privacy fornisce informazioni su quali dati personali raccogliamo, per quali finalit\u00e0 e con chi li condividiamo. Per garantire un elevato livello di trasparenza, la presente informativa [&hellip;]<\/p>\n","protected":false},"author":1,"featured_media":0,"parent":0,"menu_order":0,"comment_status":"closed","ping_status":"closed","template":"","meta":{"footnotes":""},"class_list":["post-4090","page","type-page","status-publish","hentry"],"yoast_head":"<!-- This site is optimized with the Yoast SEO plugin v27.1.1 - https:\/\/yoast.com\/product\/yoast-seo-wordpress\/ -->\n<title>Protezione dei dati - Tscharner Seilbahnsteuerungen<\/title>\n<meta name=\"robots\" content=\"index, follow, max-snippet:-1, max-image-preview:large, max-video-preview:-1\" \/>\n<link rel=\"canonical\" href=\"https:\/\/tsct.ch\/it\/protezione-dei-dati\/\" \/>\n<meta property=\"og:locale\" content=\"it_IT\" \/>\n<meta property=\"og:type\" content=\"article\" \/>\n<meta property=\"og:title\" content=\"Protezione dei dati - Tscharner Seilbahnsteuerungen\" \/>\n<meta property=\"og:description\" content=\"Per saperne di pi\u00f9 Protezione dei dati Informativa sulla privacy Ultimo aggiornamento: 28 marzo 2025 Attribuiamo grande importanza alla trasparenza nel trattamento dei dati personali. La presente informativa sulla privacy fornisce informazioni su quali dati personali raccogliamo, per quali finalit\u00e0 e con chi li condividiamo. Per garantire un elevato livello di trasparenza, la presente informativa [&hellip;]\" \/>\n<meta property=\"og:url\" content=\"https:\/\/tsct.ch\/it\/protezione-dei-dati\/\" \/>\n<meta property=\"og:site_name\" content=\"Tscharner Seilbahnsteuerungen\" \/>\n<meta property=\"article:publisher\" content=\"https:\/\/www.facebook.com\/p\/Tscharner-Seilbahnsteuerungen-100066824303477\/?locale=de_DE\" \/>\n<meta property=\"article:modified_time\" content=\"2025-06-23T08:32:12+00:00\" \/>\n<meta property=\"og:image\" content=\"https:\/\/tsct.ch\/wp-content\/uploads\/2024\/10\/Tscharner_Logo_RGB.jpg\" \/>\n\t<meta property=\"og:image:width\" content=\"1773\" \/>\n\t<meta property=\"og:image:height\" content=\"744\" \/>\n\t<meta property=\"og:image:type\" content=\"image\/jpeg\" \/>\n<meta name=\"twitter:card\" content=\"summary_large_image\" \/>\n<meta name=\"twitter:label1\" content=\"Tempo di lettura stimato\" \/>\n\t<meta name=\"twitter:data1\" content=\"8 minuti\" \/>\n<script type=\"application\/ld+json\" class=\"yoast-schema-graph\">{\"@context\":\"https:\/\/schema.org\",\"@graph\":[{\"@type\":\"WebPage\",\"@id\":\"https:\/\/tsct.ch\/it\/protezione-dei-dati\/\",\"url\":\"https:\/\/tsct.ch\/it\/protezione-dei-dati\/\",\"name\":\"Protezione dei dati - Tscharner Seilbahnsteuerungen\",\"isPartOf\":{\"@id\":\"https:\/\/tsct.ch\/it\/#website\"},\"datePublished\":\"2024-11-09T09:14:09+00:00\",\"dateModified\":\"2025-06-23T08:32:12+00:00\",\"breadcrumb\":{\"@id\":\"https:\/\/tsct.ch\/it\/protezione-dei-dati\/#breadcrumb\"},\"inLanguage\":\"it-IT\",\"potentialAction\":[{\"@type\":\"ReadAction\",\"target\":[\"https:\/\/tsct.ch\/it\/protezione-dei-dati\/\"]}]},{\"@type\":\"BreadcrumbList\",\"@id\":\"https:\/\/tsct.ch\/it\/protezione-dei-dati\/#breadcrumb\",\"itemListElement\":[{\"@type\":\"ListItem\",\"position\":1,\"name\":\"Startseite\",\"item\":\"https:\/\/tsct.ch\/it\/\"},{\"@type\":\"ListItem\",\"position\":2,\"name\":\"Protezione dei dati\"}]},{\"@type\":\"WebSite\",\"@id\":\"https:\/\/tsct.ch\/it\/#website\",\"url\":\"https:\/\/tsct.ch\/it\/\",\"name\":\"Tscharner Seilbahnsteuerungen\",\"description\":\"Technik f\u00fcr Seilbahnsteuerungen\",\"potentialAction\":[{\"@type\":\"SearchAction\",\"target\":{\"@type\":\"EntryPoint\",\"urlTemplate\":\"https:\/\/tsct.ch\/it\/?s={search_term_string}\"},\"query-input\":{\"@type\":\"PropertyValueSpecification\",\"valueRequired\":true,\"valueName\":\"search_term_string\"}}],\"inLanguage\":\"it-IT\"}]}<\/script>\n<!-- \/ Yoast SEO plugin. -->","yoast_head_json":{"title":"Protezione dei dati - Tscharner Seilbahnsteuerungen","robots":{"index":"index","follow":"follow","max-snippet":"max-snippet:-1","max-image-preview":"max-image-preview:large","max-video-preview":"max-video-preview:-1"},"canonical":"https:\/\/tsct.ch\/it\/protezione-dei-dati\/","og_locale":"it_IT","og_type":"article","og_title":"Protezione dei dati - Tscharner Seilbahnsteuerungen","og_description":"Per saperne di pi\u00f9 Protezione dei dati Informativa sulla privacy Ultimo aggiornamento: 28 marzo 2025 Attribuiamo grande importanza alla trasparenza nel trattamento dei dati personali. La presente informativa sulla privacy fornisce informazioni su quali dati personali raccogliamo, per quali finalit\u00e0 e con chi li condividiamo. Per garantire un elevato livello di trasparenza, la presente informativa [&hellip;]","og_url":"https:\/\/tsct.ch\/it\/protezione-dei-dati\/","og_site_name":"Tscharner Seilbahnsteuerungen","article_publisher":"https:\/\/www.facebook.com\/p\/Tscharner-Seilbahnsteuerungen-100066824303477\/?locale=de_DE","article_modified_time":"2025-06-23T08:32:12+00:00","og_image":[{"width":1773,"height":744,"url":"https:\/\/tsct.ch\/wp-content\/uploads\/2024\/10\/Tscharner_Logo_RGB.jpg","type":"image\/jpeg"}],"twitter_card":"summary_large_image","twitter_misc":{"Tempo di lettura stimato":"8 minuti"},"schema":{"@context":"https:\/\/schema.org","@graph":[{"@type":"WebPage","@id":"https:\/\/tsct.ch\/it\/protezione-dei-dati\/","url":"https:\/\/tsct.ch\/it\/protezione-dei-dati\/","name":"Protezione dei dati - Tscharner Seilbahnsteuerungen","isPartOf":{"@id":"https:\/\/tsct.ch\/it\/#website"},"datePublished":"2024-11-09T09:14:09+00:00","dateModified":"2025-06-23T08:32:12+00:00","breadcrumb":{"@id":"https:\/\/tsct.ch\/it\/protezione-dei-dati\/#breadcrumb"},"inLanguage":"it-IT","potentialAction":[{"@type":"ReadAction","target":["https:\/\/tsct.ch\/it\/protezione-dei-dati\/"]}]},{"@type":"BreadcrumbList","@id":"https:\/\/tsct.ch\/it\/protezione-dei-dati\/#breadcrumb","itemListElement":[{"@type":"ListItem","position":1,"name":"Startseite","item":"https:\/\/tsct.ch\/it\/"},{"@type":"ListItem","position":2,"name":"Protezione dei dati"}]},{"@type":"WebSite","@id":"https:\/\/tsct.ch\/it\/#website","url":"https:\/\/tsct.ch\/it\/","name":"Tscharner Seilbahnsteuerungen","description":"Technik f\u00fcr Seilbahnsteuerungen","potentialAction":[{"@type":"SearchAction","target":{"@type":"EntryPoint","urlTemplate":"https:\/\/tsct.ch\/it\/?s={search_term_string}"},"query-input":{"@type":"PropertyValueSpecification","valueRequired":true,"valueName":"search_term_string"}}],"inLanguage":"it-IT"}]}},"_links":{"self":[{"href":"https:\/\/tsct.ch\/it\/wp-json\/wp\/v2\/pages\/4090","targetHints":{"allow":["GET"]}}],"collection":[{"href":"https:\/\/tsct.ch\/it\/wp-json\/wp\/v2\/pages"}],"about":[{"href":"https:\/\/tsct.ch\/it\/wp-json\/wp\/v2\/types\/page"}],"author":[{"embeddable":true,"href":"https:\/\/tsct.ch\/it\/wp-json\/wp\/v2\/users\/1"}],"replies":[{"embeddable":true,"href":"https:\/\/tsct.ch\/it\/wp-json\/wp\/v2\/comments?post=4090"}],"version-history":[{"count":4,"href":"https:\/\/tsct.ch\/it\/wp-json\/wp\/v2\/pages\/4090\/revisions"}],"predecessor-version":[{"id":4094,"href":"https:\/\/tsct.ch\/it\/wp-json\/wp\/v2\/pages\/4090\/revisions\/4094"}],"wp:attachment":[{"href":"https:\/\/tsct.ch\/it\/wp-json\/wp\/v2\/media?parent=4090"}],"curies":[{"name":"wp","href":"https:\/\/api.w.org\/{rel}","templated":true}]}}